{"id":88,"date":"2020-06-03T15:36:04","date_gmt":"2020-06-03T15:36:04","guid":{"rendered":"https:\/\/www.marcinciezki.com\/pl\/?page_id=88"},"modified":"2021-06-27T22:49:20","modified_gmt":"2021-06-27T21:49:20","slug":"sklep-internetowy","status":"publish","type":"page","link":"https:\/\/www.marcinciezki.com\/pl\/sklep-internetowy\/","title":{"rendered":"Sklep internetowy"},"content":{"rendered":"\n<div class=\"wp-block-contact-form-7-contact-form-selector\">\n<div class=\"wpcf7 no-js\" id=\"wpcf7-f28-o1\" lang=\"en-US\" dir=\"ltr\" data-wpcf7-id=\"28\">\n<div class=\"screen-reader-response\"><p role=\"status\" aria-live=\"polite\" aria-atomic=\"true\"><\/p> <ul><\/ul><\/div>\n<form action=\"\/pl\/wp-json\/wp\/v2\/pages\/88#wpcf7-f28-o1\" method=\"post\" class=\"wpcf7-form init\" aria-label=\"Contact form\" novalidate=\"novalidate\" data-status=\"init\">\n<fieldset class=\"hidden-fields-container\"><input type=\"hidden\" name=\"_wpcf7\" value=\"28\" \/><input type=\"hidden\" name=\"_wpcf7_version\" value=\"6.1.5\" \/><input type=\"hidden\" name=\"_wpcf7_locale\" value=\"en_US\" \/><input type=\"hidden\" name=\"_wpcf7_unit_tag\" value=\"wpcf7-f28-o1\" \/><input type=\"hidden\" name=\"_wpcf7_container_post\" value=\"0\" \/><input type=\"hidden\" name=\"_wpcf7_posted_data_hash\" value=\"\" \/><input type=\"hidden\" name=\"_wpcf7_recaptcha_response\" value=\"\" \/>\n<\/fieldset>\n<div class=\"container text-center\">\n\t<div class=\"row\">\n\t\t<div class=\"col-xs-12 col-md-12\">\n\t\t\t<div class=\"form-group\">\n\t\t\t\t<p><label class=\"sr-only\" for=\"contact-name\">Name<\/label><br \/>\n<span class=\"wpcf7-form-control-wrap\" data-name=\"your-name\"><input size=\"40\" maxlength=\"400\" class=\"wpcf7-form-control wpcf7-text wpcf7-validates-as-required form-control input-lg\" id=\"contact-name\" aria-required=\"true\" aria-invalid=\"false\" placeholder=\"Twoje imi\u0119\" value=\"\" type=\"text\" name=\"your-name\" \/><\/span>\n\t\t\t\t<\/p>\n\t\t\t<\/div>\n\t\t<\/div>\n\t\t<div class=\"col-xs-12 col-md-12\">\n\t\t\t<div class=\"form-group\">\n\t\t\t\t<p><label class=\"sr-only\" for=\"contact-email\">Email<\/label><br \/>\n<span class=\"wpcf7-form-control-wrap\" data-name=\"your-email\"><input size=\"40\" maxlength=\"400\" class=\"wpcf7-form-control wpcf7-email wpcf7-validates-as-required wpcf7-text wpcf7-validates-as-email form-control input-lg\" id=\"contact-email\" aria-required=\"true\" aria-invalid=\"false\" placeholder=\"Wpisz sw\u00f3j adres email\" value=\"\" type=\"email\" name=\"your-email\" \/><\/span>\n\t\t\t\t<\/p>\n\t\t\t<\/div>\n\t\t<\/div>\n\t\t<div class=\"col-xs-12 col-md-12\">\n\t\t\t<div class=\"form-group\">\n\t\t\t\t<p><label class=\"sr-only\" for=\"contact-words\">Message<\/label><br \/>\n<span class=\"wpcf7-form-control-wrap\" data-name=\"your-message\"><textarea cols=\"40\" rows=\"5\" maxlength=\"2000\" class=\"wpcf7-form-control wpcf7-textarea wpcf7-validates-as-required form-control input-lg\" id=\"contact-words\" aria-required=\"true\" aria-invalid=\"false\" placeholder=\"Wpisz tre\u015b\u0107 wiadomo\u015bci tutaj. Je\u015bli chcesz kontaktowa\u0107 si\u0119 telefonicznie koniecznie nie zapomnij zostawi\u0107 swojego numeru telefonu.\" name=\"your-message\"><\/textarea><\/span>\n\t\t\t\t<\/p>\n\t\t\t<\/div>\n\t\t<\/div>\n\t<\/div>\n\t<p><input class=\"wpcf7-form-control wpcf7-submit has-spinner btn-primary btn-md text-center\" type=\"submit\" value=\"WY\u015aLIJ &raquo;\" \/>\n\t<\/p>\n<\/div><div class=\"wpcf7-response-output\" aria-hidden=\"true\"><\/div>\n<\/form>\n<\/div>\n<\/div>\n\n\n\n<p><\/p>\n","protected":false},"excerpt":{"rendered":"","protected":false},"author":1,"featured_media":555,"parent":0,"menu_order":0,"comment_status":"closed","ping_status":"closed","template":"sklep-internetowy.php","meta":{"_monsterinsights_skip_tracking":false,"_monsterinsights_sitenote_active":false,"_monsterinsights_sitenote_note":"","_monsterinsights_sitenote_category":0,"_joinchat":[],"footnotes":""},"class_list":["post-88","page","type-page","status-publish","has-post-thumbnail","hentry"],"_links":{"self":[{"href":"https:\/\/www.marcinciezki.com\/pl\/wp-json\/wp\/v2\/pages\/88","targetHints":{"allow":["GET"]}}],"collection":[{"href":"https:\/\/www.marcinciezki.com\/pl\/wp-json\/wp\/v2\/pages"}],"about":[{"href":"https:\/\/www.marcinciezki.com\/pl\/wp-json\/wp\/v2\/types\/page"}],"author":[{"embeddable":true,"href":"https:\/\/www.marcinciezki.com\/pl\/wp-json\/wp\/v2\/users\/1"}],"replies":[{"embeddable":true,"href":"https:\/\/www.marcinciezki.com\/pl\/wp-json\/wp\/v2\/comments?post=88"}],"version-history":[{"count":6,"href":"https:\/\/www.marcinciezki.com\/pl\/wp-json\/wp\/v2\/pages\/88\/revisions"}],"predecessor-version":[{"id":420,"href":"https:\/\/www.marcinciezki.com\/pl\/wp-json\/wp\/v2\/pages\/88\/revisions\/420"}],"wp:featuredmedia":[{"embeddable":true,"href":"https:\/\/www.marcinciezki.com\/pl\/wp-json\/wp\/v2\/media\/555"}],"wp:attachment":[{"href":"https:\/\/www.marcinciezki.com\/pl\/wp-json\/wp\/v2\/media?parent=88"}],"curies":[{"name":"wp","href":"https:\/\/api.w.org\/{rel}","templated":true}]}}